{"id":20,"date":"2026-01-01T12:57:01","date_gmt":"2026-01-01T11:57:01","guid":{"rendered":"http:\/\/haltungundwirkung.de\/?page_id=20"},"modified":"2026-03-17T16:22:18","modified_gmt":"2026-03-17T15:22:18","slug":"kontakt","status":"publish","type":"page","link":"https:\/\/haltungundwirkung.de\/?page_id=20","title":{"rendered":"Kontakt"},"content":{"rendered":"\n<h2 class=\"wp-block-heading\">Haltung entscheidet.<br>Wirkung zeigt sich im Kontakt.<\/h2>\n\n\n\n<p><em>Wenn Sie an Haltung &amp; Wirkung interessiert sind oder pr\u00fcfen m\u00f6chten, ob dieses Format f\u00fcr Sie oder Ihre Organisation passend ist, kommen wir am besten in einem pers\u00f6nlichen Gespr\u00e4ch zusammen.<\/em><\/p>\n\n\n\n<p><em>Ein erstes Gespr\u00e4ch dient der Kl\u00e4rung Ihrer Fragestellung, des passenden Rahmens und der gemeinsamen Arbeitsweise. Es ist unverbindlich und dient ausschlie\u00dflich der Orientierung.<\/em><\/p>\n\n\n\n<p><a>kontakt@haltungundwirkung.de<\/a><\/p>\n\n\n\n<p>Haltung &amp; Wirkung richtet sich an Menschen und Organisationen, die bereit sind, Verantwortung nicht nur zu tragen, sondern wirksam zu gestalten.<\/p>\n\n\n\n<div class=\"wp-block-buttons is-content-justification-center is-layout-flex wp-container-core-buttons-is-layout-a89b3969 wp-block-buttons-is-layout-flex\">\n<div class=\"wp-block-button has-custom-width wp-block-button__width-50\"><a class=\"wp-block-button__link wp-element-button\" href=\"mailto:kontakt@haltungundwirkung.de?subject=Anfrage Workshop Haltung und Wirkung&amp;body=Guten Tag Herr Fiedermann,%0A%0Aich interessiere mich f\u00fcr ein Workshop-Format...\">Work<em>s<\/em>hop anfragen<\/a><\/div>\n<\/div>\n","protected":false},"excerpt":{"rendered":"<p>Haltung entscheidet.Wirkung zeigt sich im Kontakt. Wenn Sie an Haltung &amp; Wirkung interessiert sind oder pr\u00fcfen m\u00f6chten, ob dieses Format f\u00fcr Sie oder Ihre Organisation passend ist, kommen wir am besten in einem pers\u00f6nlichen Gespr\u00e4ch zusammen. Ein erstes Gespr\u00e4ch dient der Kl\u00e4rung Ihrer Fragestellung, des passenden Rahmens und der gemeinsamen Arbeitsweise. Es ist unverbindlich und [&hellip;]<\/p>\n","protected":false},"author":1,"featured_media":0,"parent":0,"menu_order":0,"comment_status":"closed","ping_status":"closed","template":"page-no-title","meta":{"footnotes":""},"class_list":["post-20","page","type-page","status-publish","hentry"],"_links":{"self":[{"href":"https:\/\/haltungundwirkung.de\/index.php?rest_route=\/wp\/v2\/pages\/20","targetHints":{"allow":["GET"]}}],"collection":[{"href":"https:\/\/haltungundwirkung.de\/index.php?rest_route=\/wp\/v2\/pages"}],"about":[{"href":"https:\/\/haltungundwirkung.de\/index.php?rest_route=\/wp\/v2\/types\/page"}],"author":[{"embeddable":true,"href":"https:\/\/haltungundwirkung.de\/index.php?rest_route=\/wp\/v2\/users\/1"}],"replies":[{"embeddable":true,"href":"https:\/\/haltungundwirkung.de\/index.php?rest_route=%2Fwp%2Fv2%2Fcomments&post=20"}],"version-history":[{"count":5,"href":"https:\/\/haltungundwirkung.de\/index.php?rest_route=\/wp\/v2\/pages\/20\/revisions"}],"predecessor-version":[{"id":140,"href":"https:\/\/haltungundwirkung.de\/index.php?rest_route=\/wp\/v2\/pages\/20\/revisions\/140"}],"wp:attachment":[{"href":"https:\/\/haltungundwirkung.de\/index.php?rest_route=%2Fwp%2Fv2%2Fmedia&parent=20"}],"curies":[{"name":"wp","href":"https:\/\/api.w.org\/{rel}","templated":true}]}}