{"id":18,"date":"2026-01-01T12:56:48","date_gmt":"2026-01-01T11:56:48","guid":{"rendered":"http:\/\/haltungundwirkung.de\/?page_id=18"},"modified":"2026-03-17T16:23:22","modified_gmt":"2026-03-17T15:23:22","slug":"ueber-mich","status":"publish","type":"page","link":"https:\/\/haltungundwirkung.de\/?page_id=18","title":{"rendered":"\u00fcber mich"},"content":{"rendered":"\n<h2 class=\"wp-block-heading\">\u00fcber mich<\/h2>\n\n\n\n<h2 class=\"wp-block-heading is-style-text-subtitle is-style-text-subtitle--1\"> Maik Fiedermann<\/h2>\n\n\n\n<div class=\"wp-block-group is-nowrap is-layout-flex wp-container-core-group-is-layout-6c531013 wp-block-group-is-layout-flex\">\n<figure class=\"wp-block-image alignleft size-full\"><img loading=\"lazy\" decoding=\"async\" width=\"600\" height=\"800\" src=\"https:\/\/haltungundwirkung.de\/wp-content\/uploads\/2026\/01\/Maik-Januar-2026-MINI.jpg\" alt=\"\" class=\"wp-image-94\" srcset=\"https:\/\/haltungundwirkung.de\/wp-content\/uploads\/2026\/01\/Maik-Januar-2026-MINI.jpg 600w, https:\/\/haltungundwirkung.de\/wp-content\/uploads\/2026\/01\/Maik-Januar-2026-MINI-225x300.jpg 225w\" sizes=\"auto, (max-width: 600px) 100vw, 600px\" \/><\/figure>\n<\/div>\n\n\n\n<p>Ich arbeite mit Menschen in Verantwortung, die ihre Wirkung nicht nur verstehen, sondern im Kontakt kl\u00e4ren wollen.<br>Meine Arbeit verbindet langj\u00e4hrige Erfahrung in der Begleitung von F\u00fchrung, Beziehung und Konflikt mit einem erfahrungsbasierten Ansatz: Haltung und Wirkung werden im Moment \u00fcberpr\u00fcfbar.<\/p>\n\n\n\n<p>Ich arbeite nicht mit Konzepten oder Rollenbildern, sondern mit dem, was im Moment tats\u00e4chlich geschieht: Wahrnehmung, Pr\u00e4senz, Timing und Handlung unter realen Bedingungen.<br>Lernen entsteht dabei nicht durch Erkl\u00e4rung, sondern durch Erfahrung \u2013 im gesch\u00fctzten Raum und mit klarer \u00dcbertragung in den Alltag.<\/p>\n\n\n\n<p>Gepr\u00e4gt ist meine Arbeit durch jahrzehntelange Praxis in der Kampfkunst Aikido \u2013 nicht verstanden als Technik oder Sport, sondern als pr\u00e4zises Modell f\u00fcr Selbstf\u00fchrung, Beziehung und den Umgang mit Konflikt. Diese Perspektive flie\u00dft in meine Arbeit ein, ohne vorausgesetzt oder erkl\u00e4rt werden zu m\u00fcssen.<\/p>\n\n\n\n<p>Ich begleite Menschen und Organisationen, die Verantwortung tragen und ihre Wirkung kl\u00e4ren wollen \u2013 ruhig, konsequent und ohne Aktionismus.<\/p>\n\n\n\n<p>Meine Arbeit richtet sich an Menschen, die bereit sind, Verantwortung nicht nur zu tragen, sondern wirksam zu gestalten.<\/p>\n\n\n\n<div class=\"wp-block-group is-nowrap is-layout-flex wp-container-core-group-is-layout-6c531013 wp-block-group-is-layout-flex\"><\/div>\n\n\n\n<h2 class=\"wp-block-heading\">Wenn Sie mit mir arbeiten m\u00f6chten:<\/h2>\n\n\n\n<p>Dann lassen Sie uns ins Gespr\u00e4ch kommen.<\/p>\n\n\n\n<div class=\"wp-block-buttons is-content-justification-center is-layout-flex wp-container-core-buttons-is-layout-a89b3969 wp-block-buttons-is-layout-flex\">\n<div class=\"wp-block-button has-custom-width wp-block-button__width-50\"><a class=\"wp-block-button__link wp-element-button\" href=\"mailto:kontakt@haltungundwirkung.de?subject=Anfrage Workshop Haltung und Wirkung&amp;body=Guten Tag Herr Fiedermann,%0A%0Aich interessiere mich f\u00fcr ein Workshop-Format...\">Workshop anfragen<\/a><\/div>\n<\/div>\n\n\n\n<p>Gedanken, die ich regelm\u00e4\u00dfig teile: auf Youtube und Instagram.<\/p>\n\n\n\n<div class=\"wp-block-group is-nowrap is-layout-flex wp-container-core-group-is-layout-6c531013 wp-block-group-is-layout-flex\">\n<figure class=\"wp-block-image size-thumbnail\"><a href=\"https:\/\/www.youtube.com\/@HaltungundWirkung\" target=\"_blank\" rel=\" noreferrer noopener\"><img loading=\"lazy\" decoding=\"async\" width=\"150\" height=\"150\" src=\"https:\/\/haltungundwirkung.de\/wp-content\/uploads\/2026\/01\/grafik-150x150.png\" alt=\"\" class=\"wp-image-97\"\/><\/a><\/figure>\n\n\n\n<figure class=\"wp-block-image size-thumbnail\"><a href=\"https:\/\/www.instagram.com\/haltungundwirkung\/\"><img loading=\"lazy\" decoding=\"async\" width=\"150\" height=\"150\" src=\"https:\/\/haltungundwirkung.de\/wp-content\/uploads\/2026\/01\/grafik-1-150x150.png\" alt=\"\" class=\"wp-image-99\"\/><\/a><\/figure>\n<\/div>\n\n\n\n<p><\/p>\n","protected":false},"excerpt":{"rendered":"<p>\u00fcber mich Maik Fiedermann Ich arbeite mit Menschen in Verantwortung, die ihre Wirkung nicht nur verstehen, sondern im Kontakt kl\u00e4ren wollen.Meine Arbeit verbindet langj\u00e4hrige Erfahrung in der Begleitung von F\u00fchrung, Beziehung und Konflikt mit einem erfahrungsbasierten Ansatz: Haltung und Wirkung werden im Moment \u00fcberpr\u00fcfbar. Ich arbeite nicht mit Konzepten oder Rollenbildern, sondern mit dem, was [&hellip;]<\/p>\n","protected":false},"author":1,"featured_media":0,"parent":0,"menu_order":0,"comment_status":"closed","ping_status":"closed","template":"page-no-title","meta":{"footnotes":""},"class_list":["post-18","page","type-page","status-publish","hentry"],"_links":{"self":[{"href":"https:\/\/haltungundwirkung.de\/index.php?rest_route=\/wp\/v2\/pages\/18","targetHints":{"allow":["GET"]}}],"collection":[{"href":"https:\/\/haltungundwirkung.de\/index.php?rest_route=\/wp\/v2\/pages"}],"about":[{"href":"https:\/\/haltungundwirkung.de\/index.php?rest_route=\/wp\/v2\/types\/page"}],"author":[{"embeddable":true,"href":"https:\/\/haltungundwirkung.de\/index.php?rest_route=\/wp\/v2\/users\/1"}],"replies":[{"embeddable":true,"href":"https:\/\/haltungundwirkung.de\/index.php?rest_route=%2Fwp%2Fv2%2Fcomments&post=18"}],"version-history":[{"count":20,"href":"https:\/\/haltungundwirkung.de\/index.php?rest_route=\/wp\/v2\/pages\/18\/revisions"}],"predecessor-version":[{"id":141,"href":"https:\/\/haltungundwirkung.de\/index.php?rest_route=\/wp\/v2\/pages\/18\/revisions\/141"}],"wp:attachment":[{"href":"https:\/\/haltungundwirkung.de\/index.php?rest_route=%2Fwp%2Fv2%2Fmedia&parent=18"}],"curies":[{"name":"wp","href":"https:\/\/api.w.org\/{rel}","templated":true}]}}