{"id":143,"date":"2026-03-17T16:27:39","date_gmt":"2026-03-17T15:27:39","guid":{"rendered":"https:\/\/haltungundwirkung.de\/?page_id=143"},"modified":"2026-03-17T16:31:13","modified_gmt":"2026-03-17T15:31:13","slug":"workshops","status":"publish","type":"page","link":"https:\/\/haltungundwirkung.de\/?page_id=143","title":{"rendered":"Workshops"},"content":{"rendered":"\n<h2 class=\"wp-block-heading\">Workshops, die Haltung erfahrbar machen<\/h2>\n\n\n\n<p>Haltung entscheidet.<br>Wirkung zeigt sich im Kontakt.<\/p>\n\n\n\n<p>Meine Formate richten sich an Organisationen, Teams und Gruppen, die Kommunikation, Pr\u00e4senz, Selbstf\u00fchrung und Konfliktf\u00e4higkeit nicht nur besprechen, sondern praktisch erfahrbar machen m\u00f6chten.<\/p>\n\n\n\n<hr class=\"wp-block-separator has-alpha-channel-opacity\"\/>\n\n\n\n<h2 class=\"wp-block-heading\">Erfahrung aus der Praxis<\/h2>\n\n\n\n<p>Seit 2016 regelm\u00e4\u00dfige T\u00e4tigkeit im Betrieblichen Gesundheitsmanagement der Universit\u00e4tsmedizin Mannheim.<\/p>\n\n\n\n<p>Durchgef\u00fchrt f\u00fcr:<\/p>\n\n\n\n<ul class=\"wp-block-list\">\n<li>F\u00fchrungskr\u00e4fte<\/li>\n\n\n\n<li>Pflegepersonal<\/li>\n\n\n\n<li>Mitarbeitende unterschiedlicher Ebenen<\/li>\n<\/ul>\n\n\n\n<p>Inhalte u. a.:<\/p>\n\n\n\n<ul class=\"wp-block-list\">\n<li>Selbstwahrnehmung und Kommunikation<\/li>\n\n\n\n<li>Wirkung von K\u00f6rperhaltung<\/li>\n\n\n\n<li>nonkonfrontative Konfliktl\u00f6sung<\/li>\n\n\n\n<li>Selbstbehauptung<\/li>\n<\/ul>\n\n\n\n<p>Die Zusammenarbeit wird uneingeschr\u00e4nkt empfohlen.<\/p>\n\n\n\n<h2 class=\"wp-block-heading\">Formate im \u00dcberblick<\/h2>\n\n\n\n<p><strong>K\u00f6rperintelligenz &amp; Kommunikation<\/strong><br>Zusammenh\u00e4nge von Haltung, Wahrnehmung und Wirkung werden unmittelbar erfahrbar.<\/p>\n\n\n\n<p><strong>Selbstbehauptung &amp; Grenzen<\/strong><br>Fr\u00fchzeitiges Erkennen, klare Reaktion und angemessenes Handeln im Kontakt.<\/p>\n\n\n\n<p><strong>F\u00fchrung &amp; Pr\u00e4senz<\/strong><br>Stabilit\u00e4t, Klarheit und Handlungssicherheit in anspruchsvollen Situationen.<\/p>\n\n\n\n<h2 class=\"wp-block-heading\">Wenn Sie ein passendes Format f\u00fcr Ihre Organisation entwickeln m\u00f6chten:<\/h2>\n\n\n\n<p><br>Dann lassen Sie uns ins Gespr\u00e4ch kommen.<\/p>\n\n\n\n<div class=\"wp-block-buttons is-content-justification-center is-layout-flex wp-container-core-buttons-is-layout-a89b3969 wp-block-buttons-is-layout-flex\">\n<div class=\"wp-block-button has-custom-width wp-block-button__width-50\"><a class=\"wp-block-button__link wp-element-button\" href=\"mailto:kontakt@haltungundwirkung.de\">Workshop anfragen<\/a><\/div>\n<\/div>\n","protected":false},"excerpt":{"rendered":"<p>Workshops, die Haltung erfahrbar machen Haltung entscheidet.Wirkung zeigt sich im Kontakt. Meine Formate richten sich an Organisationen, Teams und Gruppen, die Kommunikation, Pr\u00e4senz, Selbstf\u00fchrung und Konfliktf\u00e4higkeit nicht nur besprechen, sondern praktisch erfahrbar machen m\u00f6chten. Erfahrung aus der Praxis Seit 2016 regelm\u00e4\u00dfige T\u00e4tigkeit im Betrieblichen Gesundheitsmanagement der Universit\u00e4tsmedizin Mannheim. Durchgef\u00fchrt f\u00fcr: Inhalte u. a.: Die Zusammenarbeit [&hellip;]<\/p>\n","protected":false},"author":1,"featured_media":0,"parent":0,"menu_order":0,"comment_status":"closed","ping_status":"closed","template":"","meta":{"footnotes":""},"class_list":["post-143","page","type-page","status-publish","hentry"],"_links":{"self":[{"href":"https:\/\/haltungundwirkung.de\/index.php?rest_route=\/wp\/v2\/pages\/143","targetHints":{"allow":["GET"]}}],"collection":[{"href":"https:\/\/haltungundwirkung.de\/index.php?rest_route=\/wp\/v2\/pages"}],"about":[{"href":"https:\/\/haltungundwirkung.de\/index.php?rest_route=\/wp\/v2\/types\/page"}],"author":[{"embeddable":true,"href":"https:\/\/haltungundwirkung.de\/index.php?rest_route=\/wp\/v2\/users\/1"}],"replies":[{"embeddable":true,"href":"https:\/\/haltungundwirkung.de\/index.php?rest_route=%2Fwp%2Fv2%2Fcomments&post=143"}],"version-history":[{"count":3,"href":"https:\/\/haltungundwirkung.de\/index.php?rest_route=\/wp\/v2\/pages\/143\/revisions"}],"predecessor-version":[{"id":146,"href":"https:\/\/haltungundwirkung.de\/index.php?rest_route=\/wp\/v2\/pages\/143\/revisions\/146"}],"wp:attachment":[{"href":"https:\/\/haltungundwirkung.de\/index.php?rest_route=%2Fwp%2Fv2%2Fmedia&parent=143"}],"curies":[{"name":"wp","href":"https:\/\/api.w.org\/{rel}","templated":true}]}}