{"id":12,"date":"2026-01-01T12:55:41","date_gmt":"2026-01-01T11:55:41","guid":{"rendered":"http:\/\/haltungundwirkung.de\/?page_id=12"},"modified":"2026-03-17T16:52:04","modified_gmt":"2026-03-17T15:52:04","slug":"startseite","status":"publish","type":"page","link":"https:\/\/haltungundwirkung.de\/","title":{"rendered":"Haltung &#038; Wirkung"},"content":{"rendered":"\n<h2 class=\"wp-block-heading\">Haltung entscheidet. Wirkung zeigt sich im Kontakt.<\/h2>\n\n\n\n<p>Haltung &amp; Wirkung ist ein erfahrungsbasiertes Arbeitsformat f\u00fcr Menschen in Verantwortung.<br>Im Mittelpunkt steht die \u00dcbereinstimmung von innerer Haltung und \u00e4u\u00dferer Wirkung.<\/p>\n\n\n\n<p>\u00dcber praktische \u00dcbungen im Kontakt werden Wahrnehmung, Pr\u00e4senz und Timing \u00fcberpr\u00fcfbar.Ge\u00fcbt wird im gesch\u00fctzten Raum \u2013 wirksam wird es im Alltag, in F\u00fchrung, Beziehung und Konflikt.<\/p>\n\n\n\n<p>Es geht nicht um Methoden oder Selbstdarstellung, sondern um klare, tragf\u00e4hige Handlungskompetenz.<\/p>\n\n\n\n<div class=\"wp-block-buttons is-content-justification-center is-layout-flex wp-container-core-buttons-is-layout-a89b3969 wp-block-buttons-is-layout-flex\">\n<div class=\"wp-block-button has-custom-width wp-block-button__width-50\"><a class=\"wp-block-button__link wp-element-button\" href=\"mailto:kontakt@haltungundwirkung.de?subject=Anfrage Workshop Haltung und Wirkung&amp;body=Guten Tag Herr Fiedermann,%0A%0Aich interessiere mich f\u00fcr ein Workshop-Format...\">Workshop anfragen<\/a><\/div>\n<\/div>\n\n\n\n<div style=\"height:8px\" aria-hidden=\"true\" class=\"wp-block-spacer\"><\/div>\n\n\n\n<details class=\"wp-block-details is-layout-flow wp-block-details-is-layout-flow\"><summary><sub><sup>Mit Ihrer Anfrage stimmen Sie der Verarbeitung Ihrer Daten zur Bearbeitung Ihrer Anfrage zu.<\/sup><\/sub><\/summary>\n<p><\/p>\n<\/details>\n\n\n\n<h2 class=\"wp-block-heading\">Erfahrung aus der Praxis<\/h2>\n\n\n\n<p>Seit 2016 regelm\u00e4\u00dfige T\u00e4tigkeit im Betrieblichen Gesundheitsmanagement der Universit\u00e4tsmedizin Mannheim.<br>Workshops f\u00fcr F\u00fchrungskr\u00e4fte, Pflege und Mitarbeitende unterschiedlicher Organisationseinheiten.<\/p>\n\n\n\n<p>Die Arbeitsweise wird als klar, verbindlich, fokussiert und zuverl\u00e4ssig beschrieben.<br>Eine Zusammenarbeit wird uneingeschr\u00e4nkt empfohlen.<\/p>\n\n\n\n<h2 class=\"wp-block-heading\">Worum es in den Workshops geht<\/h2>\n\n\n\n<ul class=\"wp-block-list\">\n<li>Wahrnehmung im Kontakt<\/li>\n\n\n\n<li>Wirkung von Haltung und Pr\u00e4senz<\/li>\n\n\n\n<li>Umgang mit Spannung und Druck<\/li>\n\n\n\n<li>klare Kommunikation ohne Eskalation<\/li>\n<\/ul>\n\n\n\n<h2 class=\"wp-block-heading\">Sie m\u00f6chten ein passendes Format f\u00fcr Ihre Organisation entwickeln?<\/h2>\n\n\n\n<p>Ich entwickle Workshops, die Haltung erfahrbar machen und Wirkung im Alltag erm\u00f6glichen.<\/p>\n\n\n\n<h2 class=\"wp-block-heading\">Buch in Arbeit<\/h2>\n\n\n\n<p>Ein Buch \u00fcber Haltung, Pr\u00e4senz und Wirkung \u2013 basierend auf langj\u00e4hriger Praxis, Erfahrung und Beobachtung.<\/p>\n\n\n\n<p>Kein Ratgeber.<br>Keine Methode.<br>Sondern eine Einladung zur eigenen Wahrnehmung.<\/p>\n\n\n\n<figure class=\"wp-block-image size-full\"><img loading=\"lazy\" decoding=\"async\" width=\"1024\" height=\"1024\" src=\"https:\/\/haltungundwirkung.de\/wp-content\/uploads\/2026\/03\/file_00000000b75c7246b2efad0abb5ee23a.png\" alt=\"\" class=\"wp-image-150\" srcset=\"https:\/\/haltungundwirkung.de\/wp-content\/uploads\/2026\/03\/file_00000000b75c7246b2efad0abb5ee23a.png 1024w, https:\/\/haltungundwirkung.de\/wp-content\/uploads\/2026\/03\/file_00000000b75c7246b2efad0abb5ee23a-300x300.png 300w, https:\/\/haltungundwirkung.de\/wp-content\/uploads\/2026\/03\/file_00000000b75c7246b2efad0abb5ee23a-150x150.png 150w, https:\/\/haltungundwirkung.de\/wp-content\/uploads\/2026\/03\/file_00000000b75c7246b2efad0abb5ee23a-768x768.png 768w\" sizes=\"auto, (max-width: 1024px) 100vw, 1024px\" \/><\/figure>\n\n\n\n<p data-wp-context---core-fit-text=\"core\/fit-text::{&quot;fontSize&quot;:&quot;&quot;}\" data-wp-init---core-fit-text=\"core\/fit-text::callbacks.init\" data-wp-interactive data-wp-style--font-size=\"core\/fit-text::context.fontSize\" class=\"has-fit-text\">Beim Abspielen wird eine Verbindung zu Spotify hergestellt. Dabei k\u00f6nnen personenbezogene Daten \u00fcbertragen werden.<\/p>\n\n\n\n<figure class=\"wp-block-embed is-type-rich is-provider-spotify wp-block-embed-spotify wp-embed-aspect-21-9 wp-has-aspect-ratio\"><div class=\"wp-block-embed__wrapper\">\n<iframe title=\"Spotify Embed: \u00dcber das Manuskript Haltung wirkt. Ein Podcast\" style=\"border-radius: 12px\" width=\"100%\" height=\"152\" frameborder=\"0\" allowfullscreen allow=\"autoplay; clipboard-write; encrypted-media; fullscreen; picture-in-picture\" loading=\"lazy\" src=\"https:\/\/open.spotify.com\/embed\/show\/36RSGuknvOdQ6LCi0GdMRH?utm_source=oembed\"><\/iframe>\n<\/div><\/figure>\n\n\n\n<p><\/p>\n","protected":false},"excerpt":{"rendered":"<p>Haltung entscheidet. Wirkung zeigt sich im Kontakt. Haltung &amp; Wirkung ist ein erfahrungsbasiertes Arbeitsformat f\u00fcr Menschen in Verantwortung.Im Mittelpunkt steht die \u00dcbereinstimmung von innerer Haltung und \u00e4u\u00dferer Wirkung. \u00dcber praktische \u00dcbungen im Kontakt werden Wahrnehmung, Pr\u00e4senz und Timing \u00fcberpr\u00fcfbar.Ge\u00fcbt wird im gesch\u00fctzten Raum \u2013 wirksam wird es im Alltag, in F\u00fchrung, Beziehung und Konflikt. Es [&hellip;]<\/p>\n","protected":false},"author":1,"featured_media":0,"parent":0,"menu_order":0,"comment_status":"closed","ping_status":"closed","template":"page-no-title","meta":{"footnotes":""},"class_list":["post-12","page","type-page","status-publish","hentry"],"_links":{"self":[{"href":"https:\/\/haltungundwirkung.de\/index.php?rest_route=\/wp\/v2\/pages\/12","targetHints":{"allow":["GET"]}}],"collection":[{"href":"https:\/\/haltungundwirkung.de\/index.php?rest_route=\/wp\/v2\/pages"}],"about":[{"href":"https:\/\/haltungundwirkung.de\/index.php?rest_route=\/wp\/v2\/types\/page"}],"author":[{"embeddable":true,"href":"https:\/\/haltungundwirkung.de\/index.php?rest_route=\/wp\/v2\/users\/1"}],"replies":[{"embeddable":true,"href":"https:\/\/haltungundwirkung.de\/index.php?rest_route=%2Fwp%2Fv2%2Fcomments&post=12"}],"version-history":[{"count":20,"href":"https:\/\/haltungundwirkung.de\/index.php?rest_route=\/wp\/v2\/pages\/12\/revisions"}],"predecessor-version":[{"id":154,"href":"https:\/\/haltungundwirkung.de\/index.php?rest_route=\/wp\/v2\/pages\/12\/revisions\/154"}],"wp:attachment":[{"href":"https:\/\/haltungundwirkung.de\/index.php?rest_route=%2Fwp%2Fv2%2Fmedia&parent=12"}],"curies":[{"name":"wp","href":"https:\/\/api.w.org\/{rel}","templated":true}]}}